{"id":2035,"date":"2021-07-23T20:46:48","date_gmt":"2021-07-23T20:46:48","guid":{"rendered":"https:\/\/staging.orion-cp.com\/?page_id=2035"},"modified":"2026-02-16T10:51:49","modified_gmt":"2026-02-16T10:51:49","slug":"gorusler","status":"publish","type":"page","link":"https:\/\/orion-cp.com\/tr\/insights\/","title":{"rendered":"G\u00f6r\u00fc\u015fler"},"content":{"rendered":"\t\t<div data-elementor-type=\"wp-page\" data-elementor-id=\"2035\" class=\"elementor elementor-2035\" data-elementor-post-type=\"page\">\n\t\t\t\t\t\t<section class=\"elementor-section elementor-top-section elementor-element elementor-element-2a0cc31a elementor-section-height-min-height wd-section-stretch elementor-section-boxed elementor-section-height-default elementor-section-items-middle\" data-id=\"2a0cc31a\" data-element_type=\"section\" data-e-type=\"section\" data-settings=\"{&quot;background_background&quot;:&quot;classic&quot;,&quot;shape_divider_bottom&quot;:&quot;waves&quot;}\">\n\t\t\t\t\t<div class=\"elementor-shape elementor-shape-bottom\" aria-hidden=\"true\" data-negative=\"false\">\n\t\t\t<svg xmlns=\"http:\/\/www.w3.org\/2000\/svg\" viewBox=\"0 0 1000 100\" preserveAspectRatio=\"none\">\n\t<path class=\"elementor-shape-fill\" d=\"M421.9,6.5c22.6-2.5,51.5,0.4,75.5,5.3c23.6,4.9,70.9,23.5,100.5,35.7c75.8,32.2,133.7,44.5,192.6,49.7\n\tc23.6,2.1,48.7,3.5,103.4-2.5c54.7-6,106.2-25.6,106.2-25.6V0H0v30.3c0,0,72,32.6,158.4,30.5c39.2-0.7,92.8-6.7,134-22.4\n\tc21.2-8.1,52.2-18.2,79.7-24.2C399.3,7.9,411.6,7.5,421.9,6.5z\"\/>\n<\/svg>\t\t<\/div>\n\t\t\t\t\t<div class=\"elementor-container elementor-column-gap-default\">\n\t\t\t\t\t<div class=\"elementor-column elementor-col-100 elementor-top-column elementor-element elementor-element-6a205d4d\" data-id=\"6a205d4d\" data-element_type=\"column\" data-e-type=\"column\">\n\t\t\t<div class=\"elementor-widget-wrap elementor-element-populated\">\n\t\t\t\t\t\t<div class=\"elementor-element elementor-element-355a60a elementor-widget__width-initial elementor-fixed elementor-widget elementor-widget-global elementor-global-4211 elementor-widget-button\" data-id=\"355a60a\" data-element_type=\"widget\" data-e-type=\"widget\" data-settings=\"{&quot;motion_fx_motion_fx_scrolling&quot;:&quot;yes&quot;,&quot;motion_fx_opacity_effect&quot;:&quot;yes&quot;,&quot;motion_fx_opacity_range&quot;:{&quot;unit&quot;:&quot;%&quot;,&quot;size&quot;:&quot;&quot;,&quot;sizes&quot;:{&quot;start&quot;:15,&quot;end&quot;:25}},&quot;_position&quot;:&quot;fixed&quot;,&quot;motion_fx_opacity_direction&quot;:&quot;out-in&quot;,&quot;motion_fx_opacity_level&quot;:{&quot;unit&quot;:&quot;px&quot;,&quot;size&quot;:10,&quot;sizes&quot;:[]},&quot;motion_fx_devices&quot;:[&quot;desktop&quot;,&quot;tablet&quot;,&quot;mobile&quot;]}\" data-widget_type=\"button.default\">\n\t\t\t\t<div class=\"elementor-widget-container\">\n\t\t\t\t\t\t\t\t\t<div class=\"elementor-button-wrapper\">\n\t\t\t\t\t<a class=\"elementor-button elementor-button-link elementor-size-md\" href=\"#top\">\n\t\t\t\t\t\t<span class=\"elementor-button-content-wrapper\">\n\t\t\t\t\t\t<span class=\"elementor-button-icon\">\n\t\t\t\t<i aria-hidden=\"true\" class=\"fas fa-chevron-up\"><\/i>\t\t\t<\/span>\n\t\t\t\t\t\t\t\t<\/span>\n\t\t\t\t\t<\/a>\n\t\t\t\t<\/div>\n\t\t\t\t\t\t\t\t<\/div>\n\t\t\t\t<\/div>\n\t\t\t\t<div class=\"elementor-element elementor-element-2ebc5a7 elementor-widget__width-initial elementor-fixed elementor-widget elementor-widget-global elementor-global-4196 elementor-widget-button\" data-id=\"2ebc5a7\" data-element_type=\"widget\" data-e-type=\"widget\" data-settings=\"{&quot;_position&quot;:&quot;fixed&quot;}\" data-widget_type=\"button.default\">\n\t\t\t\t<div class=\"elementor-widget-container\">\n\t\t\t\t\t\t\t\t\t<div class=\"elementor-button-wrapper\">\n\t\t\t\t\t<a class=\"elementor-button elementor-button-link elementor-size-md\" href=\"http:\/\/orion-cp.com\/#contact\">\n\t\t\t\t\t\t<span class=\"elementor-button-content-wrapper\">\n\t\t\t\t\t\t<span class=\"elementor-button-icon\">\n\t\t\t\t<i aria-hidden=\"true\" class=\"fas fa-envelope\"><\/i>\t\t\t<\/span>\n\t\t\t\t\t\t\t\t<\/span>\n\t\t\t\t\t<\/a>\n\t\t\t\t<\/div>\n\t\t\t\t\t\t\t\t<\/div>\n\t\t\t\t<\/div>\n\t\t\t\t\t<\/div>\n\t\t<\/div>\n\t\t\t\t\t<\/div>\n\t\t<\/section>\n\t\t\t\t<section class=\"elementor-section elementor-top-section elementor-element elementor-element-7d759bdb wd-section-stretch elementor-section-boxed elementor-section-height-default elementor-section-height-default\" data-id=\"7d759bdb\" data-element_type=\"section\" data-e-type=\"section\" data-settings=\"{&quot;shape_divider_bottom&quot;:&quot;waves&quot;}\">\n\t\t\t\t\t<div class=\"elementor-shape elementor-shape-bottom\" aria-hidden=\"true\" data-negative=\"false\">\n\t\t\t<svg xmlns=\"http:\/\/www.w3.org\/2000\/svg\" viewBox=\"0 0 1000 100\" preserveAspectRatio=\"none\">\n\t<path class=\"elementor-shape-fill\" d=\"M421.9,6.5c22.6-2.5,51.5,0.4,75.5,5.3c23.6,4.9,70.9,23.5,100.5,35.7c75.8,32.2,133.7,44.5,192.6,49.7\n\tc23.6,2.1,48.7,3.5,103.4-2.5c54.7-6,106.2-25.6,106.2-25.6V0H0v30.3c0,0,72,32.6,158.4,30.5c39.2-0.7,92.8-6.7,134-22.4\n\tc21.2-8.1,52.2-18.2,79.7-24.2C399.3,7.9,411.6,7.5,421.9,6.5z\"\/>\n<\/svg>\t\t<\/div>\n\t\t\t\t\t<div class=\"elementor-container elementor-column-gap-default\">\n\t\t\t\t\t<div class=\"elementor-column elementor-col-100 elementor-top-column elementor-element elementor-element-23a43c73\" data-id=\"23a43c73\" data-element_type=\"column\" data-e-type=\"column\">\n\t\t\t<div class=\"elementor-widget-wrap elementor-element-populated\">\n\t\t\t\t\t\t<div class=\"elementor-element elementor-element-4494976 elementor-grid-4 elementor-grid-tablet-2 elementor-grid-mobile-1 elementor-posts--thumbnail-top elementor-card-shadow-yes elementor-posts__hover-gradient elementor-widget elementor-widget-posts\" data-id=\"4494976\" data-element_type=\"widget\" data-e-type=\"widget\" data-settings=\"{&quot;cards_columns&quot;:&quot;4&quot;,&quot;cards_columns_tablet&quot;:&quot;2&quot;,&quot;cards_columns_mobile&quot;:&quot;1&quot;,&quot;cards_row_gap&quot;:{&quot;unit&quot;:&quot;px&quot;,&quot;size&quot;:35,&quot;sizes&quot;:[]},&quot;cards_row_gap_tablet&quot;:{&quot;unit&quot;:&quot;px&quot;,&quot;size&quot;:&quot;&quot;,&quot;sizes&quot;:[]},&quot;cards_row_gap_mobile&quot;:{&quot;unit&quot;:&quot;px&quot;,&quot;size&quot;:&quot;&quot;,&quot;sizes&quot;:[]}}\" data-widget_type=\"posts.cards\">\n\t\t\t\t<div class=\"elementor-widget-container\">\n\t\t\t\t\t\t\t<div class=\"elementor-posts-container elementor-posts elementor-posts--skin-cards elementor-grid\" role=\"list\">\n\t\t\t\t<article class=\"elementor-post elementor-grid-item post-5292 post type-post status-publish format-standard has-post-thumbnail hentry category-insights tag-valuation\" role=\"listitem\">\n\t\t\t<div class=\"elementor-post__card\">\n\t\t\t\t<a class=\"elementor-post__thumbnail__link\" href=\"https:\/\/orion-cp.com\/tr\/turkey-company-valuation-guide\/\" tabindex=\"-1\" ><div class=\"elementor-post__thumbnail\"><img loading=\"lazy\" decoding=\"async\" width=\"300\" height=\"175\" src=\"https:\/\/orion-cp.com\/wp-content\/uploads\/2026\/02\/turkey-ma-deal-volume-2018-2025-300x175.png\" class=\"attachment-medium size-medium wp-image-5242\" alt=\"Bar chart showing Turkey M&amp;A deal volume and deal count from 2018 to 2025\" srcset=\"https:\/\/orion-cp.com\/wp-content\/uploads\/2026\/02\/turkey-ma-deal-volume-2018-2025-300x175.png 300w, https:\/\/orion-cp.com\/wp-content\/uploads\/2026\/02\/turkey-ma-deal-volume-2018-2025-1024x597.png 1024w, https:\/\/orion-cp.com\/wp-content\/uploads\/2026\/02\/turkey-ma-deal-volume-2018-2025-768x448.png 768w, https:\/\/orion-cp.com\/wp-content\/uploads\/2026\/02\/turkey-ma-deal-volume-2018-2025-1536x896.png 1536w, https:\/\/orion-cp.com\/wp-content\/uploads\/2026\/02\/turkey-ma-deal-volume-2018-2025-18x12.png 18w, https:\/\/orion-cp.com\/wp-content\/uploads\/2026\/02\/turkey-ma-deal-volume-2018-2025.png 1560w\" sizes=\"auto, (max-width: 300px) 100vw, 300px\" title=\"\"><\/div><\/a>\n\t\t\t\t<div class=\"elementor-post__badge\">Insights<\/div>\n\t\t\t\t<div class=\"elementor-post__text\">\n\t\t\t\t<h3 class=\"elementor-post__title\">\n\t\t\t<a href=\"https:\/\/orion-cp.com\/tr\/turkey-company-valuation-guide\/\" >\n\t\t\t\tHow Turkish Companies Are Valued in M&amp;A Transactions\t\t\t<\/a>\n\t\t<\/h3>\n\t\t\t\t<div class=\"elementor-post__excerpt\">\n\t\t\t<p>How Turkish Companies Are Valued in M&#038;A Transactions A practical guide to valuation methodologies, Turkey-specific adjustments, and what drives enterprise<\/p>\n\t\t<\/div>\n\t\t\t\t\t<div class=\"elementor-post__read-more-wrapper\">\n\t\t\n\t\t<a class=\"elementor-post__read-more\" href=\"https:\/\/orion-cp.com\/tr\/turkey-company-valuation-guide\/\" aria-label=\"Read more about How Turkish Companies Are Valued in M&amp;A Transactions\" tabindex=\"-1\" >\n\t\t\tRead More \u00bb\t\t<\/a>\n\n\t\t\t\t\t<\/div>\n\t\t\t\t<\/div>\n\t\t\t\t\t<\/div>\n\t\t<\/article>\n\t\t\t\t<article class=\"elementor-post elementor-grid-item post-5206 post type-post status-publish format-standard has-post-thumbnail hentry category-insights\" role=\"listitem\">\n\t\t\t<div class=\"elementor-post__card\">\n\t\t\t\t<a class=\"elementor-post__thumbnail__link\" href=\"https:\/\/orion-cp.com\/tr\/how-to-sell-your-company\/\" tabindex=\"-1\" ><div class=\"elementor-post__thumbnail\"><img loading=\"lazy\" decoding=\"async\" width=\"300\" height=\"158\" src=\"https:\/\/orion-cp.com\/wp-content\/uploads\/2026\/02\/featured-sell-company-300x158.png\" class=\"attachment-medium size-medium wp-image-5217\" alt=\"\" srcset=\"https:\/\/orion-cp.com\/wp-content\/uploads\/2026\/02\/featured-sell-company-300x158.png 300w, https:\/\/orion-cp.com\/wp-content\/uploads\/2026\/02\/featured-sell-company-1024x538.png 1024w, https:\/\/orion-cp.com\/wp-content\/uploads\/2026\/02\/featured-sell-company-768x403.png 768w, https:\/\/orion-cp.com\/wp-content\/uploads\/2026\/02\/featured-sell-company-18x9.png 18w, https:\/\/orion-cp.com\/wp-content\/uploads\/2026\/02\/featured-sell-company.png 1200w\" sizes=\"auto, (max-width: 300px) 100vw, 300px\" title=\"\"><\/div><\/a>\n\t\t\t\t<div class=\"elementor-post__badge\">Insights<\/div>\n\t\t\t\t<div class=\"elementor-post__text\">\n\t\t\t\t<h3 class=\"elementor-post__title\">\n\t\t\t<a href=\"https:\/\/orion-cp.com\/tr\/how-to-sell-your-company\/\" >\n\t\t\t\tHow to Sell Your Company: A Practical Guide to the M&amp;A Process\t\t\t<\/a>\n\t\t<\/h3>\n\t\t\t\t<div class=\"elementor-post__excerpt\">\n\t\t\t<p>Selling a company is one of the most consequential decisions a business owner will make. Whether driven by succession planning,<\/p>\n\t\t<\/div>\n\t\t\t\t\t<div class=\"elementor-post__read-more-wrapper\">\n\t\t\n\t\t<a class=\"elementor-post__read-more\" href=\"https:\/\/orion-cp.com\/tr\/how-to-sell-your-company\/\" aria-label=\"Read more about How to Sell Your Company: A Practical Guide to the M&amp;A Process\" tabindex=\"-1\" >\n\t\t\tRead More \u00bb\t\t<\/a>\n\n\t\t\t\t\t<\/div>\n\t\t\t\t<\/div>\n\t\t\t\t\t<\/div>\n\t\t<\/article>\n\t\t\t\t<article class=\"elementor-post elementor-grid-item post-5179 post type-post status-publish format-standard has-post-thumbnail hentry category-insights category-market-review\" role=\"listitem\">\n\t\t\t<div class=\"elementor-post__card\">\n\t\t\t\t<a class=\"elementor-post__thumbnail__link\" href=\"https:\/\/orion-cp.com\/tr\/cross-border-ma-who-is-buying-in-turkey\/\" tabindex=\"-1\" ><div class=\"elementor-post__thumbnail\"><img loading=\"lazy\" decoding=\"async\" width=\"300\" height=\"158\" src=\"https:\/\/orion-cp.com\/wp-content\/uploads\/2026\/02\/featured_image_crossborder-300x158.png\" class=\"attachment-medium size-medium wp-image-5182\" alt=\"\" srcset=\"https:\/\/orion-cp.com\/wp-content\/uploads\/2026\/02\/featured_image_crossborder-300x158.png 300w, https:\/\/orion-cp.com\/wp-content\/uploads\/2026\/02\/featured_image_crossborder-1024x538.png 1024w, https:\/\/orion-cp.com\/wp-content\/uploads\/2026\/02\/featured_image_crossborder-768x403.png 768w, https:\/\/orion-cp.com\/wp-content\/uploads\/2026\/02\/featured_image_crossborder-18x9.png 18w, https:\/\/orion-cp.com\/wp-content\/uploads\/2026\/02\/featured_image_crossborder.png 1200w\" sizes=\"auto, (max-width: 300px) 100vw, 300px\" title=\"\"><\/div><\/a>\n\t\t\t\t<div class=\"elementor-post__badge\">Insights<\/div>\n\t\t\t\t<div class=\"elementor-post__text\">\n\t\t\t\t<h3 class=\"elementor-post__title\">\n\t\t\t<a href=\"https:\/\/orion-cp.com\/tr\/cross-border-ma-who-is-buying-in-turkey\/\" >\n\t\t\t\tCross-Border M&#038;A: Who Is Buying in Turkey?\t\t\t<\/a>\n\t\t<\/h3>\n\t\t\t\t<div class=\"elementor-post__excerpt\">\n\t\t\t<p>Foreign investors deployed USD 8.5 billion across 110 transactions in Turkey during 2025, accounting for 30% of deal count but<\/p>\n\t\t<\/div>\n\t\t\t\t\t<div class=\"elementor-post__read-more-wrapper\">\n\t\t\n\t\t<a class=\"elementor-post__read-more\" href=\"https:\/\/orion-cp.com\/tr\/cross-border-ma-who-is-buying-in-turkey\/\" aria-label=\"Read more about Cross-Border M&#038;A: Who Is Buying in Turkey?\" tabindex=\"-1\" >\n\t\t\tRead More \u00bb\t\t<\/a>\n\n\t\t\t\t\t<\/div>\n\t\t\t\t<\/div>\n\t\t\t\t\t<\/div>\n\t\t<\/article>\n\t\t\t\t<article class=\"elementor-post elementor-grid-item post-5091 post type-post status-publish format-standard has-post-thumbnail hentry category-market-review category-insights tag-2025-turkish-ma-market tag-ma-market-review tag-turkey-ma\" role=\"listitem\">\n\t\t\t<div class=\"elementor-post__card\">\n\t\t\t\t<a class=\"elementor-post__thumbnail__link\" href=\"https:\/\/orion-cp.com\/tr\/2025-turkeys-strongest-ma-year-in-a-decade\/\" tabindex=\"-1\" ><div class=\"elementor-post__thumbnail\"><img loading=\"lazy\" decoding=\"async\" width=\"300\" height=\"158\" src=\"https:\/\/orion-cp.com\/wp-content\/uploads\/2026\/02\/turkey_ma_2025_cover_clean-300x158.png\" class=\"attachment-medium size-medium wp-image-5096\" alt=\"Turkey M&amp;A market review 2025 - strongest year in a decade\" srcset=\"https:\/\/orion-cp.com\/wp-content\/uploads\/2026\/02\/turkey_ma_2025_cover_clean-300x158.png 300w, https:\/\/orion-cp.com\/wp-content\/uploads\/2026\/02\/turkey_ma_2025_cover_clean-1024x538.png 1024w, https:\/\/orion-cp.com\/wp-content\/uploads\/2026\/02\/turkey_ma_2025_cover_clean-768x403.png 768w, https:\/\/orion-cp.com\/wp-content\/uploads\/2026\/02\/turkey_ma_2025_cover_clean-18x9.png 18w, https:\/\/orion-cp.com\/wp-content\/uploads\/2026\/02\/turkey_ma_2025_cover_clean.png 1200w\" sizes=\"auto, (max-width: 300px) 100vw, 300px\" title=\"\"><\/div><\/a>\n\t\t\t\t<div class=\"elementor-post__badge\">Market Review<\/div>\n\t\t\t\t<div class=\"elementor-post__text\">\n\t\t\t\t<h3 class=\"elementor-post__title\">\n\t\t\t<a href=\"https:\/\/orion-cp.com\/tr\/2025-turkeys-strongest-ma-year-in-a-decade\/\" >\n\t\t\t\t2025: Turkey&#8217;s Strongest M&amp;A Year in a Decade\t\t\t<\/a>\n\t\t<\/h3>\n\t\t\t\t<div class=\"elementor-post__excerpt\">\n\t\t\t<p>Turkey&#8217;s M&amp;A market delivered its strongest performance since 2014 in 2025, with disclosed transaction value reaching USD 15.6 billion across<\/p>\n\t\t<\/div>\n\t\t\t\t\t<div class=\"elementor-post__read-more-wrapper\">\n\t\t\n\t\t<a class=\"elementor-post__read-more\" href=\"https:\/\/orion-cp.com\/tr\/2025-turkeys-strongest-ma-year-in-a-decade\/\" aria-label=\"Read more about 2025: Turkey&#8217;s Strongest M&amp;A Year in a Decade\" tabindex=\"-1\" >\n\t\t\tRead More \u00bb\t\t<\/a>\n\n\t\t\t\t\t<\/div>\n\t\t\t\t<\/div>\n\t\t\t\t\t<\/div>\n\t\t<\/article>\n\t\t\t\t<\/div>\n\t\t\n\t\t\t\t\t\t<\/div>\n\t\t\t\t<\/div>\n\t\t\t\t\t<\/div>\n\t\t<\/div>\n\t\t\t\t\t<\/div>\n\t\t<\/section>\n\t\t\t\t<\/div>\n\t\t","protected":false},"excerpt":{"rendered":"","protected":false},"author":4,"featured_media":0,"parent":0,"menu_order":0,"comment_status":"closed","ping_status":"closed","template":"","meta":{"footnotes":""},"class_list":["post-2035","page","type-page","status-publish","hentry"],"_links":{"self":[{"href":"https:\/\/orion-cp.com\/tr\/wp-json\/wp\/v2\/pages\/2035","targetHints":{"allow":["GET"]}}],"collection":[{"href":"https:\/\/orion-cp.com\/tr\/wp-json\/wp\/v2\/pages"}],"about":[{"href":"https:\/\/orion-cp.com\/tr\/wp-json\/wp\/v2\/types\/page"}],"author":[{"embeddable":true,"href":"https:\/\/orion-cp.com\/tr\/wp-json\/wp\/v2\/users\/4"}],"replies":[{"embeddable":true,"href":"https:\/\/orion-cp.com\/tr\/wp-json\/wp\/v2\/comments?post=2035"}],"version-history":[{"count":67,"href":"https:\/\/orion-cp.com\/tr\/wp-json\/wp\/v2\/pages\/2035\/revisions"}],"predecessor-version":[{"id":5157,"href":"https:\/\/orion-cp.com\/tr\/wp-json\/wp\/v2\/pages\/2035\/revisions\/5157"}],"wp:attachment":[{"href":"https:\/\/orion-cp.com\/tr\/wp-json\/wp\/v2\/media?parent=2035"}],"curies":[{"name":"wp","href":"https:\/\/api.w.org\/{rel}","templated":true}]}}